{"id":207,"date":"2016-08-12T13:40:57","date_gmt":"2016-08-12T11:40:57","guid":{"rendered":"http:\/\/develop.weingut-kehrt.de.w014e75a.kasserver.com\/?page_id=207"},"modified":"2016-08-12T13:43:57","modified_gmt":"2016-08-12T11:43:57","slug":"weinproben","status":"publish","type":"page","link":"https:\/\/www.weingut-kehrt.de\/index.php\/weinproben\/","title":{"rendered":"Weinproben in unserer Scheune"},"content":{"rendered":"<p>Gerne begr\u00fc\u00dfen wir Sie und Ihre Familie, Ihre Freunde, Bekannte oder Ihren Verein zu einer gem\u00fctlichen Weinprobe in unserer Scheune. Auf Vorbestellung bieten wir Ihnen Pf\u00e4lzer Spezialit\u00e4ten und geben Ihnen Informationen rund um unsere Weine. Gruppen bis maximal 50 Personen finden bei uns bequem Platz.<\/p>\n<p>F\u00fcr n\u00e4here Informationen stehen wir Ihnen gerne telefonisch zur Verf\u00fcgung:<br \/>\nTel.: 06349 \/ 92 80 47<\/p>\n<p>Bei Interesse k\u00f6nnen Sie auch \u00fcber unser <a href=\"\/index.php\/contact\/\">Kontaktformular<\/a> unsere Speisekarte anfordern.<\/p>\n","protected":false},"excerpt":{"rendered":"<p>Gerne begr\u00fc\u00dfen wir Sie und Ihre Familie, Ihre Freunde, Bekannte oder Ihren Verein zu einer gem\u00fctlichen Weinprobe in unserer Scheune. Auf Vorbestellung bieten wir Ihnen Pf\u00e4lzer Spezialit\u00e4ten und geben Ihnen Informationen rund um unsere Weine. Gruppen bis maximal 50 Personen finden bei uns bequem Platz. F\u00fcr n\u00e4here Informationen stehen wir Ihnen gerne telefonisch zur Verf\u00fcgung: [&hellip;]<\/p>\n","protected":false},"author":1,"featured_media":211,"parent":0,"menu_order":0,"comment_status":"closed","ping_status":"closed","template":"","meta":{"ngg_post_thumbnail":0},"_links":{"self":[{"href":"https:\/\/www.weingut-kehrt.de\/index.php\/wp-json\/wp\/v2\/pages\/207"}],"collection":[{"href":"https:\/\/www.weingut-kehrt.de\/index.php\/wp-json\/wp\/v2\/pages"}],"about":[{"href":"https:\/\/www.weingut-kehrt.de\/index.php\/wp-json\/wp\/v2\/types\/page"}],"author":[{"embeddable":true,"href":"https:\/\/www.weingut-kehrt.de\/index.php\/wp-json\/wp\/v2\/users\/1"}],"replies":[{"embeddable":true,"href":"https:\/\/www.weingut-kehrt.de\/index.php\/wp-json\/wp\/v2\/comments?post=207"}],"version-history":[{"count":3,"href":"https:\/\/www.weingut-kehrt.de\/index.php\/wp-json\/wp\/v2\/pages\/207\/revisions"}],"predecessor-version":[{"id":210,"href":"https:\/\/www.weingut-kehrt.de\/index.php\/wp-json\/wp\/v2\/pages\/207\/revisions\/210"}],"wp:featuredmedia":[{"embeddable":true,"href":"https:\/\/www.weingut-kehrt.de\/index.php\/wp-json\/wp\/v2\/media\/211"}],"wp:attachment":[{"href":"https:\/\/www.weingut-kehrt.de\/index.php\/wp-json\/wp\/v2\/media?parent=207"}],"curies":[{"name":"wp","href":"https:\/\/api.w.org\/{rel}","templated":true}]}}