{"id":360,"date":"2016-08-18T11:26:04","date_gmt":"2016-08-18T09:26:04","guid":{"rendered":"http:\/\/develop.weingut-kehrt.de.w014e75a.kasserver.com\/?page_id=360"},"modified":"2019-02-04T11:43:36","modified_gmt":"2019-02-04T10:43:36","slug":"rueckblick","status":"publish","type":"page","link":"https:\/\/www.weingut-kehrt.de\/index.php\/rueckblick\/","title":{"rendered":"R\u00fcckblick"},"content":{"rendered":"<h2>R\u00fcckblick 2018<\/h2>\n<table width=\"100%\" cellspacing=\"0\" cellpadding=\"10\" border=\"0\">\n<tbody>\n<tr>\n<td valign=\"top\">Freitag, 25. Mai 2017 &#8211; Sonntag, 27. Mai 2018:<\/td>\n<td valign=\"top\"><b>Windener Weinfest<\/b><br \/>\nIn Winden darf gefeiert werden:<br \/>\nIn unserem Weingut gibt es an allen Tagen Live-Musik, Pf\u00e4lzer Spezialit\u00e4ten (Rebknorzenspiess, Winzersteak, Wurstsalat, Flammkuchen, &#8230;) sowie hauseigene Weine, Secco, Sekt &amp; Lik\u00f6re.<br \/>\nAbends trifft man sich am Weinpavillon zu Weinprobe und Bowle.<br \/>\nF\u00fcr die &#8222;Kleinen&#8220; gibt es einen Kindermal- und Basteltisch.Freitag ab 17 Uhr:<br \/>\n&#8211; Italienischer Abend: Lasagne, H\u00e4hnchenbrust Mediterran mit Pesto-So\u00dfe,&nbsp; Italienischer Salat<br \/>\n&#8211; Italo-Hits, Oldies &amp; mehr mit Franz RothSamstag ab 17 Uhr:<br \/>\n&#8211; Schnitzel mit Pommes und Salat<br \/>\n&#8211; Oldies, Pop &amp; Rock mit Franz Roth<\/p>\n<p>Sonntag ab 11 Uhr:<br \/>\n&#8211; Wild mit Kn\u00f6deln, Birne und Preiselbeeren<br \/>\n&#8211; Lachssteak mit Bandnudeln &amp; Rieslingso\u00dfe<br \/>\n&#8211; frisch ger\u00e4ucherte Forellen<br \/>\n&#8211; Kaffee und Kuchen (Landfrauen Winden)<br \/>\n&#8211; Schlager, Oldies &amp; gute Laune mit Franz Roth<\/p>\n<p>Wir freuen uns auf Ihren Besuch!<\/td>\n<\/tr>\n<tr>\n<td>\n<hr>\n<\/td>\n<td>&nbsp;<\/td>\n<\/tr>\n<tr>\n<td valign=\"top\">Sonntag, 2. September 2018, 10:00 &#8211; 20:00 Uhr:<\/td>\n<td valign=\"top\"><b>Tag der offenen H\u00f6fe im Weingut Kehrt&nbsp;<\/b><strong>Gudes zum Gucke:<\/strong><br \/>\n&#8211; Ausstellung &#8222;Von der Traube bis zur Flasche&#8220;<br \/>\n&#8211; Betriebsbesichtung mit Traubenverkostung<br \/>\n&#8211; Wein-, Secco- &amp; Sektprobe am Pavillon<br \/>\n&#8211; Weinaromen erschnuppern<br \/>\n&#8211; Kinder-Mal- &amp; Basteltisch<br \/>\n&#8211; Live-Musik mit Fran Roth (ab 15:00 Uhr)<\/p>\n<p><strong>Gudes zum Esse:<\/strong><br \/>\n&#8211; Rebknorzenspie\u00df mit Kartoffelsalat &amp; Knoblauchso\u00dfe<br \/>\n&#8211; Spezialit\u00e4ten rund um die &#8222;Keschde&#8220;<br \/>\n&#8211; Hirschbraten mit Rotkraut &amp; Kn\u00f6deln<br \/>\n&#8211; Semmelkn\u00f6del mit Pfifferlingen<br \/>\n&#8211; Frisch ger\u00e4ucherte Forellen<br \/>\n&#8211; Schnitzel, Bratwurst, Winzersteak, Wurstsalat,<br \/>\n&#8211; gebackener Schafsk\u00e4se, Salatteller<br \/>\n&#8211; Neuer Wein und versch.Flammkuchen<br \/>\n&#8211; Kaffee und Kuchen vom Tennisclub Winden<br \/>\n&#8211; Wein, Sekt, Secco, S\u00e4fte und Lik\u00f6re<\/p>\n<p>Wir freuen uns auf Ihren Besuch!<br \/>\nIhre Familie Kehrt<\/td>\n<\/tr>\n<tr>\n<td>&nbsp;<\/td>\n<td>&nbsp;<\/td>\n<\/tr>\n<tr>\n<td>\n<hr>\n<\/td>\n<td>&nbsp;<\/td>\n<\/tr>\n<tr>\n<td valign=\"top\">27. Oktober &#8211; 4. November 2018:<\/td>\n<td valign=\"top\"><b>Offerta in Karlsruhe<\/b>Besuchen Sie uns auf der Offerta in Karlsruhe am Gemeinschaftsstand der Landkreise Germersheim und S\u00fcdliche Weinstra\u00dfe:<br \/>\n<strong>Halle 1, Stand A.18 (27.-31.10.2018)<\/strong><br \/>\nWir freuen uns auf Ihren Besuch!<\/p>\n<p><img loading=\"lazy\" class=\"aligncenter size-full wp-image-614\" src=\"https:\/\/www.weingut-kehrt.de\/wp-content\/uploads\/2018\/10\/suedpfalz-_Halle1-A-18_offerta18_468x60.png\" alt=\"\" width=\"468\" height=\"60\" srcset=\"https:\/\/www.weingut-kehrt.de\/wp-content\/uploads\/2018\/10\/suedpfalz-_Halle1-A-18_offerta18_468x60.png 468w, https:\/\/www.weingut-kehrt.de\/wp-content\/uploads\/2018\/10\/suedpfalz-_Halle1-A-18_offerta18_468x60-768x98.png 768w\" sizes=\"(max-width: 468px) 100vw, 468px\" \/><\/td>\n<\/tr>\n<\/tbody>\n<\/table>\n<h2>R\u00fcckblick 2017<\/h2>\n<table width=\"100%\" cellspacing=\"0\" cellpadding=\"10\" border=\"0\">\n<tbody>\n<tr>\n<td valign=\"top\">Freitag, 19. Mai 2017 &#8211; Sonntag, 21. Mai 2017:<\/td>\n<td valign=\"top\"><b>Wein- und Hoffest im Weingut Kehrt<\/b>&nbsp;<\/p>\n<p>Es darf gefeiert werden:<br \/>\nBei unserem allj\u00e4hrlichen &#8222;Wein- &amp; Hoffest&#8220; gibt es an allen Tagen Live-Musik, Pf\u00e4lzer Spezialit\u00e4ten (Rebknorzenspiess, Winzersteak, Wurstsalat, Flammkuchen, &#8230;) sowie hauseigene Weine, Secco, Sekt &amp; Lik\u00f6re.<br \/>\nAbends trifft man sich am Weinpavillon zu Weinprobe, Bowle und Cocktails.<br \/>\nF\u00fcr die &#8222;Kleinen&#8220; gibt es einen Kindermal- und Basteltisch.<\/p>\n<p>Freitag ab 17 Uhr:<br \/>\n&#8211; Italienischer Abend: Lasagne, H\u00e4hnchenbrust Mediterran mit Pesto-So\u00dfe, Italienischer Salat<br \/>\n&#8211; Italo-Hits, Oldies &amp; mehr mit Franz Roth &amp; Cathi<\/p>\n<p>Samstag ab 17 Uhr:<br \/>\n&#8211; Schnitzel mit Pommes und Salat<br \/>\n&#8211; Oldies, Pop &amp; Rock mit Franz Roth<\/p>\n<p>Sonntag ab 11 Uhr:<br \/>\n&#8211; Wild mit Kn\u00f6deln, Birne und Preiselbeeren<br \/>\n&#8211; Lachssteak mit Bandnudeln &amp; Rieslingso\u00dfe<br \/>\n&#8211; frisch ger\u00e4ucherte Forellen<br \/>\n&#8211; Kaffee und Kuchen (Pfadfinder Winden)<br \/>\n&#8211; 14:00 und 15:30 Uhr: Clown Giovannis Mitmachzirkus<br \/>\n&#8211; Schlager, Oldies &amp; gute Laune mit Franz Roth<\/p>\n<p>Wir freuen uns auf Ihren Besuch!<\/p>\n<p><a href=\"http:\/\/www.weingut-kehrt.de\/wp-content\/uploads\/2016\/08\/Weinfest2017.pdf\">Programmflyer<\/a><\/td>\n<\/tr>\n<tr>\n<td colspan=\"2\">\n<hr>\n<\/td>\n<\/tr>\n<tr>\n<td valign=\"top\">Samstag, 2. September 2017, ab 17 Uhr:<\/td>\n<td valign=\"top\"><b>Herbstfest im Weingut Kehrt<\/b>&nbsp;<\/p>\n<p>Am Abend vor dem j\u00e4hrlichen \u201eTag der offenen H\u00f6fe\u201c l\u00e4uten wir die Weinlese mit einem Herbstfest ein.<br \/>\nFreuen Sie sich auf Neuen Wein, Flammkuchen, Spezialit\u00e4ten rund um die &#8222;Keschde&#8220;, Pf\u00e4lzer Spezialit\u00e4ten, hauseigene Weine, Secco &amp; Sekt und Pf\u00e4lzer Livemusik. Wir freuen uns auf Ihren Besuch!<br \/>\nIhre Familie Kehrt<\/p>\n<p><a href=\"http:\/\/www.weingut-kehrt.de\/wp-content\/uploads\/2016\/08\/Postkarte_vorne.pdf\">Programmflyer<\/a><\/td>\n<\/tr>\n<tr>\n<td colspan=\"2\">\n<hr>\n<\/td>\n<\/tr>\n<tr>\n<td valign=\"top\">Sonntag, 3. September 2017:<\/td>\n<td valign=\"top\"><b>Tag der offenen H\u00f6fe <\/b>&nbsp;<\/p>\n<p><a href=\"http:\/\/www.weingut-kehrt.de\/wp-content\/uploads\/2016\/08\/Postkarte_vorne.pdf\">Programmflyer Weingut Kehrt<\/a><br \/>\n<a href=\"http:\/\/www.weingut-kehrt.de\/wp-content\/uploads\/2016\/08\/2017_Flyer_ausen_innen.pdf\">Komplettes Programm &#8222;Tag der offenen H\u00f6fe&#8220;<\/a><\/td>\n<\/tr>\n<tr>\n<td colspan=\"2\">&nbsp;<\/td>\n<\/tr>\n<tr>\n<td colspan=\"2\">\n<hr>\n<\/td>\n<\/tr>\n<tr>\n<td valign=\"top\">28. Oktober &#8211; 5. November 2017:<\/td>\n<td valign=\"top\"><b>Offerta in Karlsruhe<\/b>&nbsp;<\/p>\n<p>Besuchen Sie uns auf der Offerta in Karlsruhe am Gemeinschaftsstand der Landkreise Germersheim und S\u00fcdliche Weinstra\u00dfe!<br \/>\nWir freuen uns auf Ihren Besuch!<\/td>\n<\/tr>\n<\/tbody>\n<\/table>\n<h2>R\u00fcckblick 2016<\/h2>\n<table width=\"100%\" cellspacing=\"0\" cellpadding=\"10\" border=\"0\">\n<tbody>\n<tr>\n<td valign=\"top\">25. M\u00e4rz &#8211; 03. April 2016:<\/td>\n<td valign=\"top\"><b>Betriebsferien<\/b><\/td>\n<\/tr>\n<tr>\n<td colspan=\"2\">\n<hr>\n<\/td>\n<\/tr>\n<tr>\n<td valign=\"top\">Freitag, 20. Mai 2016 &#8211; Sonntag, 22. Mai 2016:<\/td>\n<td valign=\"top\"><b>Wein- und Hoffest im Weingut Kehrt<\/b>&nbsp;<\/p>\n<p><a href=\"\/wp-content\/uploads\/2016\/08\/weinfest2016.jpg\"><img loading=\"lazy\" class=\"alignnone wp-image-337 size-full\" src=\"http:\/\/develop.weingut-kehrt.de.w014e75a.kasserver.com\/wp-content\/uploads\/2016\/08\/weinfest2016.jpg\" alt=\"weinfest2016\" width=\"350\" height=\"515\"><\/a><\/td>\n<\/tr>\n<tr>\n<td colspan=\"2\">\n<hr>\n<\/td>\n<\/tr>\n<tr>\n<td valign=\"top\">Samstag, 3. September 2016, ab 17 Uhr:<\/td>\n<td valign=\"top\"><b>Herbstfest im Weingut Kehrt<\/b><br \/>\nAm Abend vor dem j\u00e4hrlichen \u201eTag der offenen H\u00f6fe\u201c l\u00e4uten wir die Weinlese mit einem Herbstfest ein.<br \/>\nFreuen Sie sich auf Neuen Wein, Flammkuchen, Spezialit\u00e4ten rund um die &#8222;Keschde&#8220;, Pf\u00e4lzer Spezialit\u00e4ten, hauseigene Weine, Secco &amp; Sekt und Pf\u00e4lzer Livemusik.Wir freuen uns auf Ihren Besuch!<br \/>\nIhre Familie Kehrt<\/td>\n<\/tr>\n<tr>\n<td colspan=\"2\">\n<hr>\n<\/td>\n<\/tr>\n<tr>\n<td valign=\"top\">Sonntag, 4. September 2016:<\/td>\n<td valign=\"top\"><b>Tag der offenen H\u00f6fe &nbsp;<\/b>&nbsp;<\/p>\n<p><a title=\"Zum Vergr\u00f6\u00dfern bitte Klicken.\" href=\"\/wp-content\/uploads\/2016\/08\/FlyerOffeneHoefe2016.pdf\" target=\"_blank\" rel=\"noopener\"> Zum Programm bitte hier klicken!<\/a><\/td>\n<\/tr>\n<tr>\n<td colspan=\"2\">\n<hr>\n<\/td>\n<\/tr>\n<tr>\n<td valign=\"top\">Donnerstag, 29. September 2016, ab 19Uhr:<\/td>\n<td valign=\"top\"><img loading=\"lazy\" class=\"aligncenter size-full wp-image-502\" src=\"http:\/\/www.weingut-kehrt.de\/wp-content\/uploads\/2016\/08\/vinothek.jpg\" alt=\"vinothek\" width=\"490\" height=\"310\" srcset=\"https:\/\/www.weingut-kehrt.de\/wp-content\/uploads\/2016\/08\/vinothek.jpg 490w, https:\/\/www.weingut-kehrt.de\/wp-content\/uploads\/2016\/08\/vinothek-768x485.jpg 768w\" sizes=\"(max-width: 490px) 100vw, 490px\" \/>&nbsp;<\/p>\n<p><b>After-Work-Party in der Vinothek Par Terre in Landau<\/b><br \/>\nIn gem\u00fctlicher Atmosph\u00e4re ein Glas Wein trinken, Bekannte treffen und gute Musik h\u00f6ren, dazu laden die Winzer der Weing\u00fcter Frank Bohlender (Steinweiler), Kehrt (Winden), Arno und Oliver Heintz (Minfeld), Uwe und Karin Jung (Kandel) sowie vom Wein- und Sektgut Rosenhof (Steinweiler) gemeinsam mit dem S\u00fcdpfalz-Tourismus Landkreis Germersheim e.V. ein.<\/p>\n<p><b>Die After-Work-Veranstaltung findet am 29. September 2016 ab 19 Uhr in die Vinothek Par Terre in Landau statt.<\/b><\/p>\n<p>Im Ausschank sind an diesem Abend ausschlie\u00dflich Weine der beteiligten Winzer. Von jedem Weingut wird eine Person vor Ort sein und f\u00fcr Gespr\u00e4che rund um den Wein gerne zur Verf\u00fcgung stehen. F\u00fcr die richtige Stimmung sorgt \u201eMarcus live\u201c. Marcus bietet pure unplugged Live Power, best\u00fcckt mit Stimme, Akustik-Gitarre und einem Repertoire von \u00fcber 300 Titeln aus den letzten 60 Jahren Rock-, Pop &#8211; und Folk- Geschichte.<\/td>\n<\/tr>\n<tr>\n<td colspan=\"2\">\n<hr>\n<\/td>\n<\/tr>\n<tr>\n<td valign=\"top\">29. Oktober &#8211; 6. November 2016:<\/td>\n<td valign=\"top\"><b>Offerta in Karlsruhe<\/b>&nbsp;<\/p>\n<p>Besuchen Sie uns auf der Offerta in Karlsruhe am Gemeinschaftsstand der Landkreise Germersheim und S\u00fcdliche Weinstra\u00dfe <strong>Halle 1 Stand A18<\/strong>!<br \/>\nWir sind vom 3. bis zum 6.11.2016 mit dabei und freuen uns auf Ihren Besuch!<\/td>\n<\/tr>\n<\/tbody>\n<\/table>\n<h2>R\u00fcckblick 2015<\/h2>\n<table width=\"100%\" cellspacing=\"0\" cellpadding=\"10\" border=\"0\">\n<tbody>\n<tr>\n<td width=\"30%\" valign=\"top\">19. &#8211; 22. Februar 2015<\/td>\n<td valign=\"top\"><b>RendezVino in Karlsruhe<\/b><br \/>\nAktionshalle, Stand RV27<img loading=\"lazy\" src=\"\/wp-content\/uploads\/2016\/08\/RendezVino.jpg\" width=\"534\" height=\"63\" border=\"0\"><\/td>\n<\/tr>\n<tr>\n<td colspan=\"2\">&nbsp;<\/td>\n<\/tr>\n<tr>\n<td valign=\"top\">Freitag, 29. Mai 2015 &#8211; Sonntag, 31. Mai 2015<\/td>\n<td valign=\"top\"><b>Wein- und Hoffest im Weingut Kehrt<\/b>&nbsp;<\/p>\n<p><img loading=\"lazy\" src=\"\/wp-content\/uploads\/2016\/08\/weinfest2015.jpg\" width=\"350\" height=\"515\" border=\"0\"><\/td>\n<\/tr>\n<tr>\n<td colspan=\"2\">&nbsp;<\/td>\n<\/tr>\n<tr>\n<td valign=\"top\">Samstag, 5. September 2015, ab 17 Uhr<\/td>\n<td valign=\"top\"><b>Herbstfest im Weingut Kehrt<\/b><br \/>\nAm Abend vor dem j\u00e4hrlichen \u201eTag der offenen H\u00f6fe\u201c l\u00e4uten wir die Weinlese<br \/>\nmit einem Herbstfest ein.<br \/>\nFreuen Sie sich auf Neuen Wein, Flammkuchen, Spezialit\u00e4ten rund um die<br \/>\n&#8222;Keschde&#8220;, Pf\u00e4lzer Spezialit\u00e4ten, hauseigene Weine, Secco &amp; Sekt und<br \/>\nPf\u00e4lzer Livemusik.<br \/>\nWir freuen uns auf Ihren Besuch! Ihre Familie Kehrt<\/td>\n<\/tr>\n<tr>\n<td colspan=\"2\">&nbsp;<\/td>\n<\/tr>\n<tr>\n<td valign=\"top\">Sonntag, 6. September 2015:<\/td>\n<td valign=\"top\"><b>Tag der offenen H\u00f6fe <\/b><\/td>\n<\/tr>\n<tr>\n<td colspan=\"2\">&nbsp;<\/td>\n<\/tr>\n<tr>\n<td>31. Oktober &#8211; 3. November 2015:<\/td>\n<td valign=\"top\"><b>Offerta in Karlsruhe<\/b><\/td>\n<\/tr>\n<\/tbody>\n<\/table>\n<h2>R\u00fcckblick 2014<\/h2>\n<table width=\"100%\" cellspacing=\"0\" cellpadding=\"10\" border=\"0\">\n<tbody>\n<tr>\n<td width=\"30%\" valign=\"top\">Freitag, 23. Mai 2014 &#8211; Sonntag, 25. Mai 2014<\/td>\n<td valign=\"top\"><b>Wein- und Hoffest im Weingut Kehrt<\/b>&nbsp;<\/p>\n<p><img loading=\"lazy\" src=\"\/wp-content\/uploads\/2016\/08\/weinfest2014.jpg\" width=\"370\" height=\"554\" border=\"0\"><\/td>\n<\/tr>\n<tr>\n<td colspan=\"2\">&nbsp;<\/td>\n<\/tr>\n<tr>\n<td valign=\"top\">Samstag, 6. September 2014, ab 17 Uhr<\/td>\n<td><b>Herbstfest im Weingut Kehrt<\/b><br \/>\n<img loading=\"lazy\" src=\"\/wp-content\/uploads\/2016\/08\/anzeige_pfalzexpress.jpg\" width=\"300\" height=\"250\" border=\"0\"><\/td>\n<\/tr>\n<tr>\n<td colspan=\"2\">&nbsp;<\/td>\n<\/tr>\n<tr>\n<td valign=\"top\">Sonntag, 7. September 2014:<\/td>\n<td valign=\"top\"><b>Tag der offenen H\u00f6fe <\/b><\/td>\n<\/tr>\n<tr>\n<td colspan=\"2\">&nbsp;<\/td>\n<\/tr>\n<tr>\n<td valign=\"top\">25. Oktober &#8211; 2. November 2014:<\/td>\n<td valign=\"top\"><b>Offerta in Karlsruhe<\/b><\/td>\n<\/tr>\n<\/tbody>\n<\/table>\n<h2>R\u00fcckblick 2013<\/h2>\n<table width=\"100%\" cellspacing=\"0\" cellpadding=\"10\" border=\"0\">\n<tbody>\n<tr>\n<td width=\"30%\" valign=\"top\">Sonntag, 21. April 2013<\/td>\n<td valign=\"top\"><b>Saisoner\u00f6ffnung des S\u00fcdpfalz Tourismus Kandel e.V. auf dem Wein- und Sektgut Rosenhof, Steinweiler<\/b><\/td>\n<\/tr>\n<tr>\n<td colspan=\"2\">&nbsp;<\/td>\n<\/tr>\n<tr>\n<td valign=\"top\">Freitag, 24. Mai 2013 &#8211; Sonntag, 26. Mai 2013<\/td>\n<td valign=\"top\"><b>Wein- und Hoffest im Weingut Kehrt<\/b>&nbsp;<\/p>\n<p><img loading=\"lazy\" src=\"\/wp-content\/uploads\/2016\/08\/weinfest2013.jpg\" width=\"370\" height=\"554\" border=\"0\"><\/td>\n<\/tr>\n<tr>\n<td colspan=\"2\">&nbsp;<\/td>\n<\/tr>\n<tr>\n<td valign=\"top\">Sonntag, 1. September 2013<\/td>\n<td valign=\"top\"><b>Tag der offenen H\u00f6fe <\/b><\/td>\n<\/tr>\n<tr>\n<td colspan=\"2\">&nbsp;<\/td>\n<\/tr>\n<tr>\n<td valign=\"top\">26. Oktober &#8211; 3. November 2013<\/td>\n<td valign=\"top\"><b>Offerta in Karlsruhe<\/b><\/td>\n<\/tr>\n<\/tbody>\n<\/table>\n","protected":false},"excerpt":{"rendered":"<p>R\u00fcckblick 2018 Freitag, 25. Mai 2017 &#8211; Sonntag, 27. Mai 2018: Windener Weinfest In Winden darf gefeiert werden: In unserem Weingut gibt es an allen Tagen Live-Musik, Pf\u00e4lzer Spezialit\u00e4ten (Rebknorzenspiess, Winzersteak, Wurstsalat, Flammkuchen, &#8230;) sowie hauseigene Weine, Secco, Sekt &amp; Lik\u00f6re. Abends trifft man sich am Weinpavillon zu Weinprobe und Bowle. F\u00fcr die &#8222;Kleinen&#8220; gibt [&hellip;]<\/p>\n","protected":false},"author":1,"featured_media":385,"parent":0,"menu_order":0,"comment_status":"closed","ping_status":"closed","template":"","meta":{"ngg_post_thumbnail":0},"_links":{"self":[{"href":"https:\/\/www.weingut-kehrt.de\/index.php\/wp-json\/wp\/v2\/pages\/360"}],"collection":[{"href":"https:\/\/www.weingut-kehrt.de\/index.php\/wp-json\/wp\/v2\/pages"}],"about":[{"href":"https:\/\/www.weingut-kehrt.de\/index.php\/wp-json\/wp\/v2\/types\/page"}],"author":[{"embeddable":true,"href":"https:\/\/www.weingut-kehrt.de\/index.php\/wp-json\/wp\/v2\/users\/1"}],"replies":[{"embeddable":true,"href":"https:\/\/www.weingut-kehrt.de\/index.php\/wp-json\/wp\/v2\/comments?post=360"}],"version-history":[{"count":14,"href":"https:\/\/www.weingut-kehrt.de\/index.php\/wp-json\/wp\/v2\/pages\/360\/revisions"}],"predecessor-version":[{"id":618,"href":"https:\/\/www.weingut-kehrt.de\/index.php\/wp-json\/wp\/v2\/pages\/360\/revisions\/618"}],"wp:featuredmedia":[{"embeddable":true,"href":"https:\/\/www.weingut-kehrt.de\/index.php\/wp-json\/wp\/v2\/media\/385"}],"wp:attachment":[{"href":"https:\/\/www.weingut-kehrt.de\/index.php\/wp-json\/wp\/v2\/media?parent=360"}],"curies":[{"name":"wp","href":"https:\/\/api.w.org\/{rel}","templated":true}]}}