{"id":390,"date":"2016-08-29T13:37:07","date_gmt":"2016-08-29T11:37:07","guid":{"rendered":"http:\/\/develop.weingut-kehrt.de.w014e75a.kasserver.com\/?page_id=390"},"modified":"2017-01-19T13:02:40","modified_gmt":"2017-01-19T12:02:40","slug":"impressum","status":"publish","type":"page","link":"https:\/\/www.weingut-kehrt.de\/index.php\/impressum\/","title":{"rendered":"Impressum"},"content":{"rendered":"<p style=\"float:right;\"><a target=\"_blank\" href=\"https:\/\/cert.weininformationsnetzwerk.de\/ZHOQX\"><img src=\"https:\/\/win.euvinopro.eu\/badge\/ZHOQX.svg\" width=\"180\"><\/a><\/p>\n<p>Weingut Kehrt<br \/>\nWinzermeister Andreas Kehrt<br \/>\nRaiffeisenstrasse 1<br \/>\nD &#8211; 76872 Winden<\/p>\n<p>Telefon: +49 6349 \/ 92 80 47<br \/>\nFax: +49 6349 \/ 92 80 48<br \/>\nE-Mail: <a href=\"mailto:info@weingut-kehrt.de\">info@weingut-kehrt.de<\/a><\/p>\n<p><strong>Urheberrechtlicher Hinweis:<\/strong><br \/>\nDie Rechte f\u00fcr diese Website, f\u00fcr den Inhalt und die Bilder der Seite sowie f\u00fcr Design, Grafik und<br \/>\ntechnische Umsetzung liegen beim Weingut Kehrt.<\/p>\n<p><strong>Haftungshinweis:<\/strong><br \/>\nTrotz sorgf\u00e4ltiger inhaltlicher Kontrolle \u00fcbernehmen wir keine Haftung f\u00fcr die Inhalte externer Links.<br \/>\nF\u00fcr den Inhalt der verlinkten Seiten sind ausschlie\u00dflich deren Betreiber verantwortlich.<\/p>\n<p>Online-Plattform (OS-Plattform) zur au\u00dfergerichtlichen Streitschlichtung:<br \/>\nAls Onlineh\u00e4ndler sind wir (info@weingut-kehrt.de) verpflichtet, Sie auf die Plattform zur Online-<br \/>\nStreitbeilegung (OS) der Europ\u00e4ischen Kommission hinzuweisen.<\/p>\n<p>Diese ist \u00fcber die folgende Internetadresse erreichbar:<br \/>\n<a href=\"http:\/\/ec.europa.eu\/consumers\/odr\/\" target=\"_blank\">http:\/\/ec.europa.eu\/consumers\/odr\/<\/a>.<\/p>\n","protected":false},"excerpt":{"rendered":"<p>Weingut Kehrt Winzermeister Andreas Kehrt Raiffeisenstrasse 1 D &#8211; 76872 Winden Telefon: +49 6349 \/ 92 80 47 Fax: +49 6349 \/ 92 80 48 E-Mail: info@weingut-kehrt.de Urheberrechtlicher Hinweis: Die Rechte f\u00fcr diese Website, f\u00fcr den Inhalt und die Bilder der Seite sowie f\u00fcr Design, Grafik und technische Umsetzung liegen beim Weingut Kehrt. Haftungshinweis: Trotz [&hellip;]<\/p>\n","protected":false},"author":1,"featured_media":0,"parent":0,"menu_order":0,"comment_status":"closed","ping_status":"closed","template":"","meta":{"ngg_post_thumbnail":0},"_links":{"self":[{"href":"https:\/\/www.weingut-kehrt.de\/index.php\/wp-json\/wp\/v2\/pages\/390"}],"collection":[{"href":"https:\/\/www.weingut-kehrt.de\/index.php\/wp-json\/wp\/v2\/pages"}],"about":[{"href":"https:\/\/www.weingut-kehrt.de\/index.php\/wp-json\/wp\/v2\/types\/page"}],"author":[{"embeddable":true,"href":"https:\/\/www.weingut-kehrt.de\/index.php\/wp-json\/wp\/v2\/users\/1"}],"replies":[{"embeddable":true,"href":"https:\/\/www.weingut-kehrt.de\/index.php\/wp-json\/wp\/v2\/comments?post=390"}],"version-history":[{"count":4,"href":"https:\/\/www.weingut-kehrt.de\/index.php\/wp-json\/wp\/v2\/pages\/390\/revisions"}],"predecessor-version":[{"id":543,"href":"https:\/\/www.weingut-kehrt.de\/index.php\/wp-json\/wp\/v2\/pages\/390\/revisions\/543"}],"wp:attachment":[{"href":"https:\/\/www.weingut-kehrt.de\/index.php\/wp-json\/wp\/v2\/media?parent=390"}],"curies":[{"name":"wp","href":"https:\/\/api.w.org\/{rel}","templated":true}]}}